{"id":1722,"date":"2021-10-26T19:52:28","date_gmt":"2021-10-26T17:52:28","guid":{"rendered":"https:\/\/cadancecountry28.com\/?page_id=1722"},"modified":"2025-09-15T10:47:26","modified_gmt":"2025-09-15T08:47:26","slug":"tarifs","status":"publish","type":"page","link":"https:\/\/cadancecountry28.com\/index.php\/tarifs\/","title":{"rendered":"COTISATION ANNUELLE"},"content":{"rendered":"\n<ul>\n<li>50\u20ac Pour 1 niveau<\/li>\n\n\n\n<li>60\u20ac Pour 2 niveaux<\/li>\n\n\n\n<li>70\u20ac Pour 3 niveaux <\/li>\n\n\n\n<li>40\u20ac par an pour les moins de 18 ans <\/li>\n\n\n\n<li>Couple et membre d\u2019une m\u00eame famille 10\u20ac en moins sur la 2\u00e8me adh\u00e9sion<br><br><br>Possibilit\u00e9 de r\u00e9gler en 4 fois (date limite 31\/12)<br><br><br><br><br><\/li>\n<\/ul>\n","protected":false},"excerpt":{"rendered":"","protected":false},"author":2,"featured_media":0,"parent":0,"menu_order":0,"comment_status":"closed","ping_status":"closed","template":"","meta":{"footnotes":""},"_links":{"self":[{"href":"https:\/\/cadancecountry28.com\/index.php\/wp-json\/wp\/v2\/pages\/1722"}],"collection":[{"href":"https:\/\/cadancecountry28.com\/index.php\/wp-json\/wp\/v2\/pages"}],"about":[{"href":"https:\/\/cadancecountry28.com\/index.php\/wp-json\/wp\/v2\/types\/page"}],"author":[{"embeddable":true,"href":"https:\/\/cadancecountry28.com\/index.php\/wp-json\/wp\/v2\/users\/2"}],"replies":[{"embeddable":true,"href":"https:\/\/cadancecountry28.com\/index.php\/wp-json\/wp\/v2\/comments?post=1722"}],"version-history":[{"count":6,"href":"https:\/\/cadancecountry28.com\/index.php\/wp-json\/wp\/v2\/pages\/1722\/revisions"}],"predecessor-version":[{"id":3155,"href":"https:\/\/cadancecountry28.com\/index.php\/wp-json\/wp\/v2\/pages\/1722\/revisions\/3155"}],"wp:attachment":[{"href":"https:\/\/cadancecountry28.com\/index.php\/wp-json\/wp\/v2\/media?parent=1722"}],"curies":[{"name":"wp","href":"https:\/\/api.w.org\/{rel}","templated":true}]}}